{"id":971,"date":"2025-02-17T09:48:08","date_gmt":"2025-02-17T14:48:08","guid":{"rendered":"https:\/\/organisationscolaire.csspo.gouv.qc.ca\/?page_id=971"},"modified":"2025-02-17T09:51:06","modified_gmt":"2025-02-17T14:51:06","slug":"secondaire","status":"publish","type":"page","link":"https:\/\/organisationscolaire.csspo.gouv.qc.ca\/?page_id=971","title":{"rendered":"SECONDAIRE"},"content":{"rendered":"\t\t<div data-elementor-type=\"wp-page\" data-elementor-id=\"971\" class=\"elementor elementor-971\">\n\t\t\t\t<div class=\"elementor-element elementor-element-e785a20 e-flex e-con-boxed e-con e-parent\" data-id=\"e785a20\" data-element_type=\"container\" data-settings=\"{&quot;content_width&quot;:&quot;boxed&quot;}\" data-core-v316-plus=\"true\">\n\t\t\t\t\t<div class=\"e-con-inner\">\n\t\t\t\t<div class=\"elementor-element elementor-element-d942caf elementor-widget elementor-widget-formidable\" data-id=\"d942caf\" data-element_type=\"widget\" data-widget_type=\"formidable.default\">\n\t\t\t\t<div class=\"elementor-widget-container\">\n\t\t\t<div class=\"frm_forms  with_frm_style frm_style_formidable-style\" id=\"frm_form_81_container\" >\n<form enctype=\"multipart\/form-data\" method=\"post\" class=\"frm-show-form  frm_pro_form \" id=\"form_form-ce-sec2\"  >\n<div class=\"frm_form_fields  frm_page_num_1\">\n<fieldset>\n<legend class=\"frm_screen_reader\">FORM-CE-SEC<\/legend>\r\n\r\n<div class=\"frm_fields_container\">\n<input type=\"hidden\" name=\"frm_action\" value=\"create\" \/>\n<input type=\"hidden\" name=\"form_id\" value=\"81\" \/>\n<input type=\"hidden\" name=\"frm_hide_fields_81\" id=\"frm_hide_fields_81\" value=\"\" \/>\n<input type=\"hidden\" name=\"form_key\" value=\"form-ce-sec2\" \/>\n<input type=\"hidden\" name=\"item_meta[0]\" value=\"\" \/>\n<input type=\"hidden\" id=\"frm_submit_entry_81\" name=\"frm_submit_entry_81\" value=\"684f2c477e\" \/><input type=\"hidden\" name=\"_wp_http_referer\" value=\"\/index.php?rest_route=%2Fwp%2Fv2%2Fpages%2F971\" \/><div id=\"frm_field_2238_container\" class=\"frm_form_field  frm_html_container form-field\">\n<h2 style=\"text-align: center;\"><span style=\"color: #000080;\">DEMANDE DE CHOIX D'\u00c9COLE AU SECONDAIRE 2025-2026\u00a0<\/span><\/h2>\n<\/div>\n<div id=\"frm_field_2239_container\" class=\"frm_form_field  frm_html_container form-field\">\n<hr \/>\n<p style=\"text-align: center;\"><strong>Veuillez prendre note que vous avez jusqu'au dernier jour<br \/>ouvrable pr\u00e9c\u00e9dent la premi\u00e8re journ\u00e9e de classe pour soumettre le formulaire.<\/strong><\/p>\n<\/div>\n<div id=\"frm_field_2240_container\" class=\"frm_form_field  frm_html_container form-field\">\n<hr \/>\n<h4><span style=\"color: #000080;\">Champs de recherche : Identification de l'\u00e9l\u00e8ve<\/span><\/h4>\n<p><strong><span style=\"color: #800000;\">*<\/span>: Obligatoire<\/strong><br \/><strong><span style=\"color: #800000;\">Note importante<\/span> : Si toutefois vos donn\u00e9es ne sont pas trouv\u00e9es malgr\u00e9 que toutes vos informations soient correctes , r\u00e9essayez le lundi suivant car la base de donn\u00e9es sera remise \u00e0 jour.\u00a0<\/strong><\/p>\n<\/div>\n<div id=\"frm_field_2241_container\" class=\"frm_form_field  frm_html_container form-field\">\n<p style=\"text-align: center;\"><span style=\"color: #800000;\"><strong>Donn\u00e9es non trouv\u00e9es!<br \/>\n<\/strong><strong>Veuillez v\u00e9rifier les informations de recherche.<\/strong><\/span><\/p>\n<p style=\"text-align: center;\"><a href=\"https:\/\/organisationscolaire.csspo.gouv.qc.ca\/?page_id=971\">R\u00e9initialiser le formulaire<\/a><\/p>\n<\/div>\n<div id=\"frm_field_2242_container\" class=\"frm_form_field form-field  frm_required_field frm_top_container frm6 frm_first\">\r\n    <label for=\"field_s4ls352\" id=\"field_s4ls352_label\" class=\"frm_primary_label\">Num\u00e9ro de Fiche\r\n        <span class=\"frm_required\" aria-hidden=\"true\">*<\/span>\r\n    <\/label>\r\n    \t<input type=\"text\" id=\"field_s4ls352\" name=\"item_meta[2242]\" value=\"\"  placeholder=\"Num\u00e9ro de Fiche de l&#039;\u00e9l\u00e8ve\" data-reqmsg=\"Ce champ ne peut pas \u00eatre vide.\" aria-required=\"true\" data-invmsg=\"Num\u00e9ro de Fiche is invalid\" aria-invalid=\"false\"  \/>\n\t\r\n    <div class=\"frm_description\" id=\"frm_desc_field_s4ls352\">\u00c0 trouver dans Moza\u00efk Portail<\/div>\r\n    \r\n<\/div>\n<div id=\"frm_field_2243_container\" class=\"frm_form_field form-field  frm_required_field frm_top_container frm6\">\r\n    <label for=\"field_2jnm652\" id=\"field_2jnm652_label\" class=\"frm_primary_label\">N\u00b0 de votre adresse\r\n        <span class=\"frm_required\" aria-hidden=\"true\">*<\/span>\r\n    <\/label>\r\n    \t<input type=\"text\" id=\"field_2jnm652\" name=\"item_meta[2243]\" value=\"\"  maxlength=\"6\" placeholder=\"Num\u00e9ro d&#039;adresse\" data-reqmsg=\"Ce champ ne peut pas \u00eatre vide.\" aria-required=\"true\" data-invmsg=\"N\u00b0 de votre adresse is invalid\" aria-invalid=\"false\"  \/>\n\t\r\n    <div class=\"frm_description\" id=\"frm_desc_field_2jnm652\">Exemple : Pour l'adresse 123 rue Principal;\r\nVous devez mettre 123<\/div>\r\n    \r\n<\/div>\n<div id=\"frm_field_2244_container\" class=\"frm_form_field form-field  frm_required_field frm_top_container frm6 frm_first\">\r\n    <label for=\"field_29yuy52\" id=\"field_29yuy52_label\" class=\"frm_primary_label\">Nom\r\n        <span class=\"frm_required\" aria-hidden=\"true\">*<\/span>\r\n    <\/label>\r\n    \t<input type=\"text\" id=\"field_29yuy52\" name=\"item_meta[2244]\" value=\"\"  placeholder=\"Nom complet de l&#039;\u00e9l\u00e8ve\" data-reqmsg=\"Ce champ ne peut pas \u00eatre vide.\" aria-required=\"true\" data-invmsg=\"Nom is invalid\" aria-invalid=\"false\"  \/>\n\t\r\n    <div class=\"frm_description\" id=\"frm_desc_field_29yuy52\">Tel que \u00e9crit au dossier de l'\u00e9l\u00e8ve<\/div>\r\n    \r\n<\/div>\n<div id=\"frm_field_2245_container\" class=\"frm_form_field form-field  frm_required_field frm_top_container frm6\">\r\n    <label for=\"field_5mgu052\" id=\"field_5mgu052_label\" class=\"frm_primary_label\">Pr\u00e9nom\r\n        <span class=\"frm_required\" aria-hidden=\"true\">*<\/span>\r\n    <\/label>\r\n    \t<input type=\"text\" id=\"field_5mgu052\" name=\"item_meta[2245]\" value=\"\"  placeholder=\"Pr\u00e9nom complet de l&#039;\u00e9l\u00e8ve\" data-reqmsg=\"Ce champ ne peut pas \u00eatre vide.\" aria-required=\"true\" data-invmsg=\"Pr\u00e9nom is invalid\" aria-invalid=\"false\"  \/>\n\t\r\n    <div class=\"frm_description\" id=\"frm_desc_field_5mgu052\">Tel que \u00e9crit au dossier de l'\u00e9l\u00e8ve<\/div>\r\n    \r\n<\/div>\n<div id=\"frm_field_2247_container\" class=\"frm_form_field form-field  frm_required_field frm_top_container frm12 frm_first\">\r\n    <label for=\"field_mrxb152\" id=\"field_mrxb152_label\" class=\"frm_primary_label\">Type Adresse\r\n        <span class=\"frm_required\" aria-hidden=\"true\">*<\/span>\r\n    <\/label>\r\n    <input type=\"text\" id=\"field_mrxb152\" name=\"item_meta[2247]\" value=\"\"  readonly=\"readonly\"  data-reqmsg=\"Ce champ ne peut pas \u00eatre vide.\" aria-required=\"true\" data-invmsg=\"Text is invalid\" aria-invalid=\"false\"  \/>\r\n    \r\n    \r\n<\/div>\n<div id=\"frm_field_2248_container\" class=\"frm_form_field  frm_html_container form-field\">\n<hr \/>\n<h4><span style=\"color: #000080;\">IDENTIFICATION DES PARENTS<\/span><\/h4>\n<\/div>\n<div id=\"frm_field_2249_container\" class=\"frm_form_field form-field  frm_top_container frm4 frm_first\">\r\n    <label for=\"field_oujed2\" id=\"field_oujed2_label\" class=\"frm_primary_label\">Nom et pr\u00e9nom p\u00e8re\r\n        <span class=\"frm_required\" aria-hidden=\"true\"><\/span>\r\n    <\/label>\r\n    <input type=\"text\" id=\"field_oujed2\" name=\"item_meta[2249]\" value=\"\"  readonly=\"readonly\"  data-invmsg=\"Text is invalid\" aria-invalid=\"false\"  \/>\r\n    \r\n    \r\n<\/div>\n<div id=\"frm_field_2250_container\" class=\"frm_form_field form-field  frm_top_container frm4\">\r\n    <label for=\"field_epwv52\" id=\"field_epwv52_label\" class=\"frm_primary_label\">Nom et pr\u00e9nom m\u00e8re\r\n        <span class=\"frm_required\" aria-hidden=\"true\"><\/span>\r\n    <\/label>\r\n    <input type=\"text\" id=\"field_epwv52\" name=\"item_meta[2250]\" value=\"\"  readonly=\"readonly\"  data-invmsg=\"Text is invalid\" aria-invalid=\"false\"  \/>\r\n    \r\n    \r\n<\/div>\n<div id=\"frm_field_2251_container\" class=\"frm_form_field form-field  frm_top_container frm4\">\r\n    <label for=\"field_ixaim2\" id=\"field_ixaim2_label\" class=\"frm_primary_label\">Nom et pr\u00e9nom tuteur\r\n        <span class=\"frm_required\" aria-hidden=\"true\"><\/span>\r\n    <\/label>\r\n    <input type=\"text\" id=\"field_ixaim2\" name=\"item_meta[2251]\" value=\"\"  readonly=\"readonly\"  data-invmsg=\"Text is invalid\" aria-invalid=\"false\"  \/>\r\n    \r\n    \r\n<\/div>\n<div id=\"frm_field_2252_container\" class=\"frm_form_field form-field  frm_required_field frm_top_container\">\r\n    <label for=\"field_bapaq52\" id=\"field_bapaq52_label\" class=\"frm_primary_label\">Adresse\r\n        <span class=\"frm_required\" aria-hidden=\"true\">*<\/span>\r\n    <\/label>\r\n    <input type=\"text\" id=\"field_bapaq52\" name=\"item_meta[2252]\" value=\"\"  readonly=\"readonly\"  data-reqmsg=\"Ce champ ne peut pas \u00eatre vide.\" aria-required=\"true\" data-invmsg=\"Text is invalid\" aria-invalid=\"false\"  \/>\r\n    \r\n    \r\n<\/div>\n<div id=\"frm_field_2253_container\" class=\"frm_form_field  frm_html_container form-field\">\n<hr \/>\n<h4><span style=\"color: #000080;\">IDENTIFICATION \u00c9COLE<\/span><\/h4>\n<\/div>\n<div id=\"frm_field_2254_container\" class=\"frm_form_field form-field  frm_top_container frm6 frm_first\">\r\n    <label for=\"field_siqwv52\" id=\"field_siqwv52_label\" class=\"frm_primary_label\">\u00c9cole actuelle\r\n        <span class=\"frm_required\" aria-hidden=\"true\"><\/span>\r\n    <\/label>\r\n    <input type=\"text\" id=\"field_siqwv52\" name=\"item_meta[2254]\" value=\"\"  readonly=\"readonly\"  data-invmsg=\"Text is invalid\" aria-invalid=\"false\"  \/>\r\n    \r\n    \r\n<\/div>\n<div id=\"frm_field_2255_container\" class=\"frm_form_field form-field  frm_top_container frm6\">\r\n    <label for=\"field_6xff02\" id=\"field_6xff02_label\" class=\"frm_primary_label\">\u00c9cole d'appartenance\r\n        <span class=\"frm_required\" aria-hidden=\"true\"><\/span>\r\n    <\/label>\r\n    <input type=\"text\" id=\"field_6xff02\" name=\"item_meta[2255]\" value=\"\"  readonly=\"readonly\"  data-invmsg=\"Text is invalid\" aria-invalid=\"false\"  \/>\r\n    \r\n    \r\n<\/div>\n<div id=\"frm_field_2256_container\" class=\"frm_form_field form-field  frm_required_field frm_top_container frm4 frm_first\">\r\n    <label for=\"field_w1lfs2\" id=\"field_w1lfs2_label\" class=\"frm_primary_label\">Choix 1 : \u00c9cole demand\u00e9e\r\n        <span class=\"frm_required\" aria-hidden=\"true\">*<\/span>\r\n    <\/label>\r\n    \t\t<select  name=\"item_meta[2256]\" id=\"field_w1lfs2\"  data-reqmsg=\"Ce champ ne peut pas \u00eatre vide.\" aria-required=\"true\" data-invmsg=\"Choix 1 : \u00c9cole demand\u00e9e is invalid\" aria-invalid=\"false\"  >\n\t\t\t\t\t\t\t<option  value=\"\" class=\"frm-select-placeholder\">\n\t\t\t\t\t \t\t\t\t<\/option>\n\t\t\t\t\t\t\t\t<option  value=\"40--Secondaire de la Nouvelle-\u00c8re\">\n\t\t\t\t\t40--Secondaire de la Nouvelle-\u00c8re\t\t\t\t<\/option>\n\t\t\t\t\t\t\t\t<option  value=\"41--Secondaire de la Cit\u00e9\">\n\t\t\t\t\t41--Secondaire de la Cit\u00e9\t\t\t\t<\/option>\n\t\t\t\t\t\t\t\t<option  value=\"42--Secondaire des Lacs\">\n\t\t\t\t\t42--Secondaire des Lacs\t\t\t\t<\/option>\n\t\t\t\t\t\t\t\t<option  value=\"44--Secondaire Grande-Rivi\u00e8re\">\n\t\t\t\t\t44--Secondaire Grande-Rivi\u00e8re\t\t\t\t<\/option>\n\t\t\t\t\t\t\t\t<option  value=\"46--Secondaire Mont-Bleu\">\n\t\t\t\t\t46--Secondaire Mont-Bleu\t\t\t\t<\/option>\n\t\t\t\t\t\t\t\t<option  value=\"48--Secondaire de l&#039;\u00eele\">\n\t\t\t\t\t48--Secondaire de l&#039;\u00eele\t\t\t\t<\/option>\n\t\t\t\t\t\t<\/select>\n\t\t\r\n    \r\n    \r\n<\/div>\n<div id=\"frm_field_2257_container\" class=\"frm_form_field form-field  frm_top_container frm4\">\r\n    <label for=\"field_zj7ou2\" id=\"field_zj7ou2_label\" class=\"frm_primary_label\">Choix 2 : \u00c9cole demand\u00e9e (Optionnel)\r\n        <span class=\"frm_required\" aria-hidden=\"true\"><\/span>\r\n    <\/label>\r\n    \t\t<select  name=\"item_meta[2257]\" id=\"field_zj7ou2\"  data-invmsg=\"Choix 2 : \u00c9cole demand\u00e9e (Optionnel) is invalid\" aria-invalid=\"false\"  >\n\t\t\t\t\t\t\t<option  value=\"\" class=\"frm-select-placeholder\">\n\t\t\t\t\t \t\t\t\t<\/option>\n\t\t\t\t\t\t\t\t<option  value=\"40--Secondaire de la Nouvelle-\u00c8re\">\n\t\t\t\t\t40--Secondaire de la Nouvelle-\u00c8re\t\t\t\t<\/option>\n\t\t\t\t\t\t\t\t<option  value=\"41--Secondaire de la Cit\u00e9\">\n\t\t\t\t\t41--Secondaire de la Cit\u00e9\t\t\t\t<\/option>\n\t\t\t\t\t\t\t\t<option  value=\"42--Secondaire des Lacs\">\n\t\t\t\t\t42--Secondaire des Lacs\t\t\t\t<\/option>\n\t\t\t\t\t\t\t\t<option  value=\"44--Secondaire Grande-Rivi\u00e8re\">\n\t\t\t\t\t44--Secondaire Grande-Rivi\u00e8re\t\t\t\t<\/option>\n\t\t\t\t\t\t\t\t<option  value=\"46--Secondaire Mont-Bleu\">\n\t\t\t\t\t46--Secondaire Mont-Bleu\t\t\t\t<\/option>\n\t\t\t\t\t\t\t\t<option  value=\"48--Secondaire de l&#039;\u00eele\">\n\t\t\t\t\t48--Secondaire de l&#039;\u00eele\t\t\t\t<\/option>\n\t\t\t\t\t\t<\/select>\n\t\t\r\n    \r\n    \r\n<\/div>\n<div id=\"frm_field_2258_container\" class=\"frm_form_field form-field  frm_top_container frm4\">\r\n    <label for=\"field_fbv3w2\" id=\"field_fbv3w2_label\" class=\"frm_primary_label\">Choix 3 : \u00c9cole demand\u00e9e (Optionnel)\r\n        <span class=\"frm_required\" aria-hidden=\"true\"><\/span>\r\n    <\/label>\r\n    \t\t<select  name=\"item_meta[2258]\" id=\"field_fbv3w2\"  data-invmsg=\"Choix 3 : \u00c9cole demand\u00e9e (Optionnel) is invalid\" aria-invalid=\"false\"  >\n\t\t\t\t\t\t\t<option  value=\"\" class=\"frm-select-placeholder\">\n\t\t\t\t\t \t\t\t\t<\/option>\n\t\t\t\t\t\t\t\t<option  value=\"40--Secondaire de la Nouvelle-\u00c8re\">\n\t\t\t\t\t40--Secondaire de la Nouvelle-\u00c8re\t\t\t\t<\/option>\n\t\t\t\t\t\t\t\t<option  value=\"41--Secondaire de la Cit\u00e9\">\n\t\t\t\t\t41--Secondaire de la Cit\u00e9\t\t\t\t<\/option>\n\t\t\t\t\t\t\t\t<option  value=\"42--Secondaire des Lacs\">\n\t\t\t\t\t42--Secondaire des Lacs\t\t\t\t<\/option>\n\t\t\t\t\t\t\t\t<option  value=\"44--Secondaire Grande-Rivi\u00e8re\">\n\t\t\t\t\t44--Secondaire Grande-Rivi\u00e8re\t\t\t\t<\/option>\n\t\t\t\t\t\t\t\t<option  value=\"46--Secondaire Mont-Bleu\">\n\t\t\t\t\t46--Secondaire Mont-Bleu\t\t\t\t<\/option>\n\t\t\t\t\t\t\t\t<option  value=\"48--Secondaire de l&#039;\u00eele\">\n\t\t\t\t\t48--Secondaire de l&#039;\u00eele\t\t\t\t<\/option>\n\t\t\t\t\t\t<\/select>\n\t\t\r\n    \r\n    \r\n<\/div>\n<div id=\"frm_field_2260_container\" class=\"frm_form_field  frm_html_container form-field\">\n<hr \/>\n<p><strong>Conditions<\/strong><\/p>\n<p>1. Vous pouvez faire votre demande jusqu'au dernier jour<br \/>\nouvrable pr\u00e9c\u00e9dent la premi\u00e8re journ\u00e9e de classe.<br \/>\n2. Le parent se rend responsable du transport.<br \/>\n3. Les frais de surveillance du d\u00eener s'appliquent selon la politique en vigueur.<br \/>\n4. Ce choix est d\u00e9finitif pour l'ann\u00e9e scolaire o\u00f9 le changement est effectu\u00e9.<br \/>\n5. L'acceptation de cette demande par l'\u00e9cole demand\u00e9e n'est valable que pour l'ann\u00e9e 2025-2026.<br \/>\n6. La d\u00e9cision d'accepter ou de refuser une demande sera communiqu\u00e9e au plus tard au mois d'ao\u00fbt 2025.<br \/>\n7. J'ai lu et j'accepte les conditions \u00e9num\u00e9r\u00e9es pr\u00e9c\u00e9demment.<\/p><\/div>\n<input type=\"hidden\" name=\"item_meta[2261]\" id=\"field_qxc9m2\" value=\"\"  data-invmsg=\"Hidden - Nbre form is invalid\"   \/>\n<div id=\"frm_field_2262_container\" class=\"frm_form_field form-field  frm_required_field frm_top_container vertical_radio\">\r\n    <div  id=\"field_36mog52_label\" class=\"frm_primary_label\">Consentement\r\n        <span class=\"frm_required\" aria-hidden=\"true\">*<\/span>\r\n    <\/div>\r\n    <div class=\"frm_opt_container\" aria-labelledby=\"field_36mog52_label\" role=\"group\">\t\t<div class=\"frm_checkbox\" id=\"frm_checkbox_2262-0\"><label for=\"field_36mog52-0\"><input type=\"checkbox\" name=\"item_meta[2262][]\" id=\"field_36mog52-0\" value=\"En cochant cette case, je consens avoir pris note que l&#039;autre parent doit absolument remplir \u00e0 son tour le formulaire pour que la demande soit consid\u00e9r\u00e9e \u00e0 moins que ce parent n&#039;aie pas d&#039;adresse au dossier de l&#039;\u00e9l\u00e8ve.\"  data-reqmsg=\"Ce champ ne peut pas \u00eatre vide.\" data-invmsg=\"Consentement is invalid\" aria-invalid=\"false\"   aria-required=\"true\"  \/> En cochant cette case, je consens avoir pris note que l'autre parent doit absolument remplir \u00e0 son tour le formulaire pour que la demande soit consid\u00e9r\u00e9e \u00e0 moins que ce parent n'aie pas d'adresse au dossier de l'\u00e9l\u00e8ve.<\/label><\/div>\n<\/div>\r\n    \r\n    \r\n<\/div>\n<div id=\"frm_field_2263_container\" class=\"frm_form_field form-field  frm_required_field frm_top_container frm12 frm_first vertical_radio\">\r\n    <div  id=\"field_xeokh2_label\" class=\"frm_primary_label\">Signature\r\n        <span class=\"frm_required\" aria-hidden=\"true\">*<\/span>\r\n    <\/div>\r\n    <div class=\"frm_opt_container\" aria-labelledby=\"field_xeokh2_label\" role=\"group\">\t\t<div class=\"frm_checkbox\" id=\"frm_checkbox_2263-0\"><label for=\"field_xeokh2-0\"><input type=\"checkbox\" name=\"item_meta[2263][]\" id=\"field_xeokh2-0\" value=\"En cochant cette case, je consens avoir appos\u00e9 ma signature.\"  data-reqmsg=\"Ce champ ne peut pas \u00eatre vide.\" data-invmsg=\"Signature is invalid\" aria-invalid=\"false\"   aria-required=\"true\"  \/> En cochant cette case, je consens avoir appos\u00e9 ma signature.<\/label><\/div>\n<\/div>\r\n    \r\n    \r\n<\/div>\n<input type=\"hidden\" name=\"item_meta[2264]\" id=\"field_2vkdz2-0\" value=\"\"  data-invmsg=\"D\u00c9CISION CHOIX 1 is invalid\"   \/>\n<input type=\"hidden\" name=\"item_meta[2265]\" id=\"field_xyyf62-0\" value=\"\"  data-invmsg=\"D\u00c9CISION CHOIX 2 is invalid\"   \/>\n<input type=\"hidden\" name=\"item_meta[2266]\" id=\"field_lsfsj2-0\" value=\"\"  data-invmsg=\"D\u00c9CISION CHOIX 3 is invalid\"   \/>\n<div id=\"frm_field_2267_container\" class=\"frm_form_field  frm_html_container form-field\">\u00ab\u00a0 Le Centre de services scolaire des Portages-de-l\u2019Outaouais consid\u00e8re que les titulaires de l\u2019autorit\u00e9 parentale exercent ensemble leur responsabilit\u00e9 d\u00e9cisionnelle \u00e0 l\u2019\u00e9gard de leurs enfants et qu\u2019ils d\u00e9cident ensemble de toutes les questions relatives \u00e0 l\u2019\u00e9ducation, \u00e0 la sant\u00e9 et au bien-\u00eatre de ces derniers, y compris, notamment, les questions scolaires et les activit\u00e9s et cours parascolaires. \u00c0 cet effet, le Centre de services scolaire des Portages-de-l\u2019Outaouais consid\u00e8re que le titulaire de l\u2019autorit\u00e9 parentale qui remplit le pr\u00e9sent formulaire le fait au nom des deux titulaires de l\u2019autorit\u00e9 parentale de l\u2019enfant concern\u00e9 et avec l\u2019accord de l\u2019autre titulaire.\u00a0\u00bb<\/div>\n<input type=\"hidden\" name=\"frm_page_order_81\" id=\"frm_page_order_81\" value=\"53\" \/><input type=\"hidden\" name=\"item_meta[2270]\" id=\"field_7e9mu52\" value=\"\"  data-invmsg=\"Rapport Sommaire is invalid\"   \/>\n<input type=\"hidden\" name=\"item_meta[2275]\" id=\"field_t31lp\" value=\"\" data-frmval=\"\"\/>\n\t<input type=\"hidden\" name=\"item_key\" value=\"\" \/>\n\t\t\t\t<div class=\"frm__65c2951098a46\">\n\t\t\t\t<label for=\"frm_email_81\" >\n\t\t\t\t\tIf you are human, leave this field blank.\t\t\t\t<\/label>\n\t\t\t\t<input  id=\"frm_email_81\" type=\"text\" class=\"frm_verify\" name=\"frm__65c2951098a46\" value=\"\" autocomplete=\"false\"  \/>\n\t\t\t<\/div>\n\t\t<input name=\"frm_state\" type=\"hidden\" value=\"z1G94LJNqN3BH9fFluoEqobCcfqXInGnzuq3\/5wr5XA=\" \/><div class=\"frm_submit frm_flex\">\r\n<button class=\"frm_button_submit\" type=\"submit\"  >V\u00e9rifier<\/button>\r\n\r\n\r\n\r\n<\/div>\r\n<\/div>\n<\/fieldset>\n<\/div>\n<\/form>\n<\/div>\n\t\t<\/div>\n\t\t\t\t<\/div>\n\t\t\t\t\t<\/div>\n\t\t\t\t<\/div>\n\t\t\t\t<\/div>\n\t\t","protected":false},"excerpt":{"rendered":"<p>FORM-CE-SEC DEMANDE DE CHOIX D&rsquo;\u00c9COLE AU SECONDAIRE 2025-2026\u00a0 Veuillez prendre note que vous avez jusqu&rsquo;au dernier jourouvrable pr\u00e9c\u00e9dent la premi\u00e8re journ\u00e9e de classe pour soumettre le formulaire. Champs de recherche : Identification de l&rsquo;\u00e9l\u00e8ve *: Obligatoire Donn\u00e9es non trouv\u00e9es! Veuillez v\u00e9rifier les informations de recherche. R\u00e9initialiser le formulaire Num\u00e9ro de Fiche * \u00c0 trouver dans&hellip;&nbsp;<a href=\"https:\/\/organisationscolaire.csspo.gouv.qc.ca\/?page_id=971\" class=\"\" rel=\"bookmark\">Lire la suite &raquo;<span class=\"screen-reader-text\">SECONDAIRE<\/span><\/a><\/p>\n","protected":false},"author":2,"featured_media":0,"parent":0,"menu_order":0,"comment_status":"closed","ping_status":"closed","template":"page-templates\/template-pagebuilder-full-width.php","meta":{"neve_meta_sidebar":"","neve_meta_container":"","neve_meta_enable_content_width":"","neve_meta_content_width":0,"neve_meta_title_alignment":"","neve_meta_author_avatar":"","neve_post_elements_order":"","neve_meta_disable_header":"","neve_meta_disable_footer":"","neve_meta_disable_title":"","footnotes":""},"class_list":["post-971","page","type-page","status-publish","hentry"],"_links":{"self":[{"href":"https:\/\/organisationscolaire.csspo.gouv.qc.ca\/index.php?rest_route=\/wp\/v2\/pages\/971","targetHints":{"allow":["GET"]}}],"collection":[{"href":"https:\/\/organisationscolaire.csspo.gouv.qc.ca\/index.php?rest_route=\/wp\/v2\/pages"}],"about":[{"href":"https:\/\/organisationscolaire.csspo.gouv.qc.ca\/index.php?rest_route=\/wp\/v2\/types\/page"}],"author":[{"embeddable":true,"href":"https:\/\/organisationscolaire.csspo.gouv.qc.ca\/index.php?rest_route=\/wp\/v2\/users\/2"}],"replies":[{"embeddable":true,"href":"https:\/\/organisationscolaire.csspo.gouv.qc.ca\/index.php?rest_route=%2Fwp%2Fv2%2Fcomments&post=971"}],"version-history":[{"count":4,"href":"https:\/\/organisationscolaire.csspo.gouv.qc.ca\/index.php?rest_route=\/wp\/v2\/pages\/971\/revisions"}],"predecessor-version":[{"id":977,"href":"https:\/\/organisationscolaire.csspo.gouv.qc.ca\/index.php?rest_route=\/wp\/v2\/pages\/971\/revisions\/977"}],"wp:attachment":[{"href":"https:\/\/organisationscolaire.csspo.gouv.qc.ca\/index.php?rest_route=%2Fwp%2Fv2%2Fmedia&parent=971"}],"curies":[{"name":"wp","href":"https:\/\/api.w.org\/{rel}","templated":true}]}}