{"id":406,"date":"2024-03-22T20:13:20","date_gmt":"2024-03-22T20:13:20","guid":{"rendered":"https:\/\/organisationscolaire.csspo.gouv.qc.ca\/?page_id=406"},"modified":"2024-03-22T20:32:11","modified_gmt":"2024-03-22T20:32:11","slug":"politique-de-confidentialite","status":"publish","type":"page","link":"https:\/\/organisationscolaire.csspo.gouv.qc.ca\/?page_id=406","title":{"rendered":"Politique de confidentialit\u00e9"},"content":{"rendered":"\t\t<div data-elementor-type=\"wp-page\" data-elementor-id=\"406\" class=\"elementor elementor-406\">\n\t\t\t\t<div class=\"elementor-element elementor-element-99ade75 e-flex e-con-boxed e-con e-parent\" data-id=\"99ade75\" data-element_type=\"container\" data-settings=\"{&quot;content_width&quot;:&quot;boxed&quot;}\" data-core-v316-plus=\"true\">\n\t\t\t\t\t<div class=\"e-con-inner\">\n\t\t<div class=\"elementor-element elementor-element-bf7cda6 e-con-full e-flex e-con e-child\" data-id=\"bf7cda6\" data-element_type=\"container\" data-settings=\"{&quot;content_width&quot;:&quot;full&quot;}\">\n\t\t\t\t<div class=\"elementor-element elementor-element-3de82a3 elementor-widget elementor-widget-heading\" data-id=\"3de82a3\" data-element_type=\"widget\" data-widget_type=\"heading.default\">\n\t\t\t\t<div class=\"elementor-widget-container\">\n\t\t\t<style>\/*! elementor - v3.19.0 - 07-02-2024 *\/\n.elementor-heading-title{padding:0;margin:0;line-height:1}.elementor-widget-heading .elementor-heading-title[class*=elementor-size-]>a{color:inherit;font-size:inherit;line-height:inherit}.elementor-widget-heading .elementor-heading-title.elementor-size-small{font-size:15px}.elementor-widget-heading .elementor-heading-title.elementor-size-medium{font-size:19px}.elementor-widget-heading .elementor-heading-title.elementor-size-large{font-size:29px}.elementor-widget-heading .elementor-heading-title.elementor-size-xl{font-size:39px}.elementor-widget-heading .elementor-heading-title.elementor-size-xxl{font-size:59px}<\/style><h2 class=\"elementor-heading-title elementor-size-default\">Politique de confidentialit\u00e9<\/h2>\t\t<\/div>\n\t\t\t\t<\/div>\n\t\t\t\t<\/div>\n\t\t<div class=\"elementor-element elementor-element-8492394 e-con-full e-flex e-con e-child\" data-id=\"8492394\" data-element_type=\"container\" data-settings=\"{&quot;content_width&quot;:&quot;full&quot;}\">\n\t\t\t\t<div class=\"elementor-element elementor-element-c357d2b elementor-widget elementor-widget-text-editor\" data-id=\"c357d2b\" data-element_type=\"widget\" data-widget_type=\"text-editor.default\">\n\t\t\t\t<div class=\"elementor-widget-container\">\n\t\t\t<style>\/*! elementor - v3.19.0 - 07-02-2024 *\/\n.elementor-widget-text-editor.elementor-drop-cap-view-stacked .elementor-drop-cap{background-color:#69727d;color:#fff}.elementor-widget-text-editor.elementor-drop-cap-view-framed .elementor-drop-cap{color:#69727d;border:3px solid;background-color:transparent}.elementor-widget-text-editor:not(.elementor-drop-cap-view-default) .elementor-drop-cap{margin-top:8px}.elementor-widget-text-editor:not(.elementor-drop-cap-view-default) .elementor-drop-cap-letter{width:1em;height:1em}.elementor-widget-text-editor .elementor-drop-cap{float:left;text-align:center;line-height:1;font-size:50px}.elementor-widget-text-editor .elementor-drop-cap-letter{display:inline-block}<\/style>\t\t\t\t<p style=\"margin-top: 65px; margin-right: auto; margin-left: auto; border: 0px; font-variant-numeric: inherit; font-variant-east-asian: inherit; font-variant-alternates: inherit; font-variant-position: inherit; font-stretch: inherit; font-size: 16px; line-height: 1.625; font-family: Oxygen, sans-serif; font-optical-sizing: inherit; font-kerning: inherit; font-feature-settings: inherit; font-variation-settings: inherit; vertical-align: baseline; max-width: 1400px; width: calc(100% - 40px); color: #000000;\">Nous vous invitons \u00e0 prendre connaissance de notre politique de confidentialit\u00e9 pour conna\u00eetre les r\u00e8gles que nous appliquons en mati\u00e8re de protection des renseignements personnels.<\/p><p style=\"margin-right: auto; margin-left: auto; border: 0px; font-variant-numeric: inherit; font-variant-east-asian: inherit; font-variant-alternates: inherit; font-variant-position: inherit; font-stretch: inherit; font-size: 16px; line-height: 1.625; font-family: Oxygen, sans-serif; font-optical-sizing: inherit; font-kerning: inherit; font-feature-settings: inherit; font-variation-settings: inherit; vertical-align: baseline; max-width: 1400px; width: calc(100% - 40px); color: #000000;\"><span style=\"margin: 0px; padding: 0px; border: 0px; font: inherit; vertical-align: baseline; text-decoration-line: underline;\">Utilisation des fichiers t\u00e9moins (\u00ab Cookies \u00bb)<\/span><\/p><p style=\"margin-right: auto; margin-left: auto; border: 0px; font-variant-numeric: inherit; font-variant-east-asian: inherit; font-variant-alternates: inherit; font-variant-position: inherit; font-stretch: inherit; font-size: 16px; line-height: 1.625; font-family: Oxygen, sans-serif; font-optical-sizing: inherit; font-kerning: inherit; font-feature-settings: inherit; font-variation-settings: inherit; vertical-align: baseline; max-width: 1400px; width: calc(100% - 40px); color: #000000;\">Le pr\u00e9sent site ne place aucun fichier t\u00e9moin (\u00ab cookie \u00bb) permanent dans les disques durs des ordinateurs des visiteurs, mais uniquement un fichier t\u00e9moin temporaire requis pour am\u00e9liorer la performance de certaines fonctionnalit\u00e9s du site.<\/p><p style=\"margin-right: auto; margin-left: auto; border: 0px; font-variant-numeric: inherit; font-variant-east-asian: inherit; font-variant-alternates: inherit; font-variant-position: inherit; font-stretch: inherit; font-size: 16px; line-height: 1.625; font-family: Oxygen, sans-serif; font-optical-sizing: inherit; font-kerning: inherit; font-feature-settings: inherit; font-variation-settings: inherit; vertical-align: baseline; max-width: 1400px; width: calc(100% - 40px); color: #000000;\"><span style=\"margin: 0px; padding: 0px; border: 0px; font: inherit; vertical-align: baseline; text-decoration-line: underline;\">Informations \u00e9chang\u00e9es automatiquement<\/span><\/p><p style=\"margin-right: auto; margin-left: auto; border: 0px; font-variant-numeric: inherit; font-variant-east-asian: inherit; font-variant-alternates: inherit; font-variant-position: inherit; font-stretch: inherit; font-size: 16px; line-height: 1.625; font-family: Oxygen, sans-serif; font-optical-sizing: inherit; font-kerning: inherit; font-feature-settings: inherit; font-variation-settings: inherit; vertical-align: baseline; max-width: 1400px; width: calc(100% - 40px); color: #000000;\">Les articles de ce site peuvent inclure des contenus int\u00e9gr\u00e9s (par exemple des vid\u00e9os, images, articles, etc). Le contenu int\u00e9gr\u00e9 \u00e0 partir d\u2019autres sites se comporte de la m\u00eame mani\u00e8re que si le visiteur se rendait sur cet autre site.<\/p><p style=\"margin-right: auto; margin-left: auto; border: 0px; font-variant-numeric: inherit; font-variant-east-asian: inherit; font-variant-alternates: inherit; font-variant-position: inherit; font-stretch: inherit; font-size: 16px; line-height: 1.625; font-family: Oxygen, sans-serif; font-optical-sizing: inherit; font-kerning: inherit; font-feature-settings: inherit; font-variation-settings: inherit; vertical-align: baseline; max-width: 1400px; width: calc(100% - 40px); color: #000000;\">Lorsque vous acc\u00e9dez \u00e0 notre site, votre ordinateur et le serveur du site \u00e9changent automatiquement des informations. Cette communication est n\u00e9cessaire pour que le serveur transmette un fichier compatible avec l\u2019\u00e9quipement informatique que vous utilisez. Les informations \u00e9chang\u00e9es sont les suivantes :<\/p><ul type=\"disc\"><li style=\"color: black; mso-margin-top-alt: auto; mso-margin-bottom-alt: auto; line-height: normal; mso-list: l0 level1 lfo1; tab-stops: list 36.0pt; vertical-align: baseline;\"><span style=\"font-size: 12.0pt; font-family: 'Arial',sans-serif; mso-fareast-font-family: 'Times New Roman'; mso-font-kerning: 0pt; mso-ligatures: none; mso-fareast-language: FR-CA;\">Le nom de domaine de votre fournisseur d\u2019acc\u00e8s \u00e0 Internet;<\/span><\/li><li style=\"color: black; mso-margin-top-alt: auto; mso-margin-bottom-alt: auto; line-height: normal; mso-list: l0 level1 lfo1; tab-stops: list 36.0pt; vertical-align: baseline;\"><span style=\"font-size: 12.0pt; font-family: 'Arial',sans-serif; mso-fareast-font-family: 'Times New Roman'; mso-font-kerning: 0pt; mso-ligatures: none; mso-fareast-language: FR-CA;\">Votre adresse IP, num\u00e9ro unique assign\u00e9 \u00e0 votre ordinateur lorsqu\u2019il est connect\u00e9 au r\u00e9seau Internet;<\/span><\/li><li style=\"color: black; mso-margin-top-alt: auto; mso-margin-bottom-alt: auto; line-height: normal; mso-list: l0 level1 lfo1; tab-stops: list 36.0pt; vertical-align: baseline;\"><span style=\"font-size: 12.0pt; font-family: 'Arial',sans-serif; mso-fareast-font-family: 'Times New Roman'; mso-font-kerning: 0pt; mso-ligatures: none; mso-fareast-language: FR-CA;\">Le type de navigateur (Explorer, Firefox, etc.) et de syst\u00e8me d\u2019exploitation (Windows, Mac OS, etc.) utilis\u00e9s;<\/span><\/li><li style=\"color: black; mso-margin-top-alt: auto; mso-margin-bottom-alt: auto; line-height: normal; mso-list: l0 level1 lfo1; tab-stops: list 36.0pt; vertical-align: baseline;\"><span style=\"font-size: 12.0pt; font-family: 'Arial',sans-serif; mso-fareast-font-family: 'Times New Roman'; mso-font-kerning: 0pt; mso-ligatures: none; mso-fareast-language: FR-CA;\">La date et l\u2019heure de la visite;<\/span><\/li><li style=\"color: black; mso-margin-top-alt: auto; mso-margin-bottom-alt: auto; line-height: normal; mso-list: l0 level1 lfo1; tab-stops: list 36.0pt; vertical-align: baseline;\"><span style=\"font-size: 12.0pt; font-family: 'Arial',sans-serif; mso-fareast-font-family: 'Times New Roman'; mso-font-kerning: 0pt; mso-ligatures: none; mso-fareast-language: FR-CA;\">Les pages que vous consultez;<\/span><\/li><li style=\"color: black; mso-margin-top-alt: auto; mso-margin-bottom-alt: auto; line-height: normal; mso-list: l0 level1 lfo1; tab-stops: list 36.0pt; vertical-align: baseline;\"><span style=\"font-size: 12.0pt; font-family: 'Arial',sans-serif; mso-fareast-font-family: 'Times New Roman'; mso-font-kerning: 0pt; mso-ligatures: none; mso-fareast-language: FR-CA;\">L\u2019adresse du site r\u00e9f\u00e9rent, si vous acc\u00e9dez \u00e0 notre site \u00e0 partir d\u2019un autre site.<\/span><\/li><\/ul><h6>\u00a0<\/h6><p style=\"margin-right: auto; margin-left: auto; border: 0px; font-variant-numeric: inherit; font-variant-east-asian: inherit; font-variant-alternates: inherit; font-variant-position: inherit; font-stretch: inherit; font-size: 16px; line-height: 1.625; font-family: Oxygen, sans-serif; font-optical-sizing: inherit; font-kerning: inherit; font-feature-settings: inherit; font-variation-settings: inherit; vertical-align: baseline; max-width: 1400px; width: calc(100% - 40px); color: #000000;\">Ces informations sont conserv\u00e9es et exploit\u00e9es par le Centre de services scolaire des Portages-de-l\u2019Outaouais \u00e0 des fins techniques et statistiques. Elles servent notamment \u00e0 comptabiliser le nombre de visites, les pages les plus fr\u00e9quent\u00e9es et la technologie utilis\u00e9e par les visiteurs.<\/p><p style=\"margin-right: auto; margin-left: auto; border: 0px; font-variant-numeric: inherit; font-variant-east-asian: inherit; font-variant-alternates: inherit; font-variant-position: inherit; font-stretch: inherit; font-size: 16px; line-height: 1.625; font-family: Oxygen, sans-serif; font-optical-sizing: inherit; font-kerning: inherit; font-feature-settings: inherit; font-variation-settings: inherit; vertical-align: baseline; max-width: 1400px; width: calc(100% - 40px); color: #000000;\"><span style=\"margin: 0px; padding: 0px; border: 0px; font: inherit; vertical-align: baseline; text-decoration-line: underline;\">Renseignements transmis par courriel ou par formulaire<\/span><\/p><p style=\"margin-right: auto; margin-left: auto; border: 0px; font-variant-numeric: inherit; font-variant-east-asian: inherit; font-variant-alternates: inherit; font-variant-position: inherit; font-stretch: inherit; font-size: 16px; line-height: 1.625; font-family: Oxygen, sans-serif; font-optical-sizing: inherit; font-kerning: inherit; font-feature-settings: inherit; font-variation-settings: inherit; vertical-align: baseline; max-width: 1400px; width: calc(100% - 40px); color: #000000;\">Nous nous engageons \u00e0 assurer la protection des renseignements confidentiels que vous nous confiez. Si vous communiquez volontairement des renseignements personnels ou autrement confidentiels, par courriel ou par formulaire, nous n\u2019utilisons que l\u2019information requise pour permettre \u00e0 notre personnel de r\u00e9pondre \u00e0 votre message ou de donner suite \u00e0 votre demande. La correspondance \u00e9lectronique est trait\u00e9e avec les m\u00eames mesures de confidentialit\u00e9 que les autres documents \u00e9crits.<\/p><p style=\"margin-right: auto; margin-left: auto; border: 0px; font-variant-numeric: inherit; font-variant-east-asian: inherit; font-variant-alternates: inherit; font-variant-position: inherit; font-stretch: inherit; font-size: 16px; line-height: 1.625; font-family: Oxygen, sans-serif; font-optical-sizing: inherit; font-kerning: inherit; font-feature-settings: inherit; font-variation-settings: inherit; vertical-align: baseline; max-width: 1400px; width: calc(100% - 40px); color: #000000;\"><span style=\"margin: 0px; padding: 0px; border: 0px; font: inherit; vertical-align: baseline; text-decoration-line: underline;\">Liens vers d\u2019autres sites<\/span><\/p><p style=\"margin-right: auto; margin-left: auto; border: 0px; font-variant-numeric: inherit; font-variant-east-asian: inherit; font-variant-alternates: inherit; font-variant-position: inherit; font-stretch: inherit; font-size: 16px; line-height: 1.625; font-family: Oxygen, sans-serif; font-optical-sizing: inherit; font-kerning: inherit; font-feature-settings: inherit; font-variation-settings: inherit; vertical-align: baseline; max-width: 1400px; width: calc(100% - 40px); color: #000000;\">Notre site propose des hyperliens vers d\u2019autres sites. Les renseignements \u00e9chang\u00e9s sur ces sites ne sont pas assujettis \u00e0 la pr\u00e9sente politique de confidentialit\u00e9, mais \u00e0 celle du site externe, s\u2019il en existe une.<\/p><p style=\"margin-right: auto; margin-left: auto; border: 0px; font-variant-numeric: inherit; font-variant-east-asian: inherit; font-variant-alternates: inherit; font-variant-position: inherit; font-stretch: inherit; font-size: 16px; line-height: 1.625; font-family: Oxygen, sans-serif; font-optical-sizing: inherit; font-kerning: inherit; font-feature-settings: inherit; font-variation-settings: inherit; vertical-align: baseline; max-width: 1400px; width: calc(100% - 40px); color: #000000;\"><span style=\"margin: 0px; padding: 0px; border: 0px; font: inherit; vertical-align: baseline; text-decoration-line: underline;\">Pour plus d\u2019informations \u00e0 propos de cette politique<\/span><\/p><p style=\"margin-right: auto; margin-left: auto; border: 0px; font-variant-numeric: inherit; font-variant-east-asian: inherit; font-variant-alternates: inherit; font-variant-position: inherit; font-stretch: inherit; font-size: 16px; line-height: 1.625; font-family: Oxygen, sans-serif; font-optical-sizing: inherit; font-kerning: inherit; font-feature-settings: inherit; font-variation-settings: inherit; vertical-align: baseline; max-width: 1400px; width: calc(100% - 40px); color: #000000;\">Si vous avez des questions concernant cette politique, nous vous invitons \u00e0 communiquer avec nous en utilisant l\u2019un ou l\u2019autre des modes de communication pr\u00e9sent\u00e9s dans la section \u00ab Nous joindre \u00bb.<\/p><p style=\"margin-right: auto; margin-left: auto; border: 0px; font-variant-numeric: inherit; font-variant-east-asian: inherit; font-variant-alternates: inherit; font-variant-position: inherit; font-stretch: inherit; font-size: 16px; line-height: 1.625; font-family: Oxygen, sans-serif; font-optical-sizing: inherit; font-kerning: inherit; font-feature-settings: inherit; font-variation-settings: inherit; vertical-align: baseline; max-width: 1400px; width: calc(100% - 40px); color: #000000;\"><span style=\"margin: 0px; padding: 0px; border: 0px; font: inherit; vertical-align: baseline; text-decoration-line: underline;\">Responsable de l\u2019acc\u00e8s aux documents ou de la protection des renseignements personnels<\/span><\/p><p style=\"margin-right: auto; margin-left: auto; border: 0px; font-variant-numeric: inherit; font-variant-east-asian: inherit; font-variant-alternates: inherit; font-variant-position: inherit; font-stretch: inherit; font-size: 16px; line-height: 1.625; font-family: Oxygen, sans-serif; font-optical-sizing: inherit; font-kerning: inherit; font-feature-settings: inherit; font-variation-settings: inherit; vertical-align: baseline; max-width: 1400px; width: calc(100% - 40px); color: #000000;\">Les commentaires des visiteurs peuvent \u00eatre v\u00e9rifi\u00e9s \u00e0 l\u2019aide d\u2019un service automatis\u00e9 de d\u00e9tection des commentaires ind\u00e9sirables.<\/p><p style=\"margin-right: auto; margin-left: auto; border: 0px; font-variant-numeric: inherit; font-variant-east-asian: inherit; font-variant-alternates: inherit; font-variant-position: inherit; font-stretch: inherit; font-size: 16px; line-height: 1.625; font-family: Oxygen, sans-serif; font-optical-sizing: inherit; font-kerning: inherit; font-feature-settings: inherit; font-variation-settings: inherit; vertical-align: baseline; max-width: 1400px; width: calc(100% - 40px); color: #000000;\">La personne responsable de l\u2019application de la\u00a0<em style=\"margin: 0px; padding: 0px; border: 0px; font-variant: inherit; font-weight: inherit; font-stretch: inherit; font-size: inherit; line-height: inherit; font-family: inherit; font-optical-sizing: inherit; font-kerning: inherit; font-feature-settings: inherit; font-variation-settings: inherit; vertical-align: baseline;\">Loi sur l\u2019acc\u00e8s aux documents des organismes publics et sur la protection des renseignements personnels<\/em>\u00a0est, \u00e0 ce titre, \u00e9galement charg\u00e9e de veiller au respect de cette politique. Pour formuler des commentaires ou une plainte au sujet du non-respect de cette politique, vous pouvez communiquer avec :<\/p><p style=\"margin-right: auto; margin-bottom: 65px; margin-left: auto; border: 0px; font-variant-numeric: inherit; font-variant-east-asian: inherit; font-variant-alternates: inherit; font-variant-position: inherit; font-stretch: inherit; font-size: 16px; line-height: 1.625; font-family: Oxygen, sans-serif; font-optical-sizing: inherit; font-kerning: inherit; font-feature-settings: inherit; font-variation-settings: inherit; vertical-align: baseline; max-width: 1400px; width: calc(100% - 40px); color: #000000;\">Mme Caroline Sauv\u00e9<br \/>Directrice, Service du secr\u00e9tariat g\u00e9n\u00e9ral et des communications<br \/>225 boul. St-R\u00e9dempteur<br \/>Gatineau (Qu\u00e9bec) J9H 0G4<br \/><a style=\"margin: 0px; padding: 0px; border: 0px; font-style: inherit; font-variant: inherit; font-weight: bold; font-stretch: inherit; font-size: inherit; line-height: inherit; font-family: inherit; font-optical-sizing: inherit; font-kerning: inherit; font-feature-settings: inherit; font-variation-settings: inherit; vertical-align: baseline; position: relative; background-repeat: no-repeat; background-image: linear-gradient(var(--wp--preset--color--primary), var(--wp--preset--color--primary)); background-position: left bottom; transition: background-size 0.4s ease 0s; background-size: 100% 1px; display: inline;\" href=\"mailto:caroline.sauve@csspo.gouv.qc.ca\">caroline.sauve@csspo.gouv.qc.ca<\/a><\/p>\t\t\t\t\t\t<\/div>\n\t\t\t\t<\/div>\n\t\t\t\t<\/div>\n\t\t\t\t\t<\/div>\n\t\t\t\t<\/div>\n\t\t\t\t<\/div>\n\t\t","protected":false},"excerpt":{"rendered":"<p>Politique de confidentialit\u00e9 Nous vous invitons \u00e0 prendre connaissance de notre politique de confidentialit\u00e9 pour conna\u00eetre les r\u00e8gles que nous appliquons en mati\u00e8re de protection des renseignements personnels. Utilisation des fichiers t\u00e9moins (\u00ab Cookies \u00bb) Le pr\u00e9sent site ne place aucun fichier t\u00e9moin (\u00ab cookie \u00bb) permanent dans les disques durs des ordinateurs des visiteurs,&hellip;&nbsp;<a href=\"https:\/\/organisationscolaire.csspo.gouv.qc.ca\/?page_id=406\" class=\"\" rel=\"bookmark\">Lire la suite &raquo;<span class=\"screen-reader-text\">Politique de confidentialit\u00e9<\/span><\/a><\/p>\n","protected":false},"author":2,"featured_media":0,"parent":0,"menu_order":0,"comment_status":"closed","ping_status":"closed","template":"page-templates\/template-pagebuilder-full-width.php","meta":{"neve_meta_sidebar":"","neve_meta_container":"","neve_meta_enable_content_width":"","neve_meta_content_width":0,"neve_meta_title_alignment":"","neve_meta_author_avatar":"","neve_post_elements_order":"","neve_meta_disable_header":"","neve_meta_disable_footer":"","neve_meta_disable_title":"","footnotes":""},"class_list":["post-406","page","type-page","status-publish","hentry"],"_links":{"self":[{"href":"https:\/\/organisationscolaire.csspo.gouv.qc.ca\/index.php?rest_route=\/wp\/v2\/pages\/406","targetHints":{"allow":["GET"]}}],"collection":[{"href":"https:\/\/organisationscolaire.csspo.gouv.qc.ca\/index.php?rest_route=\/wp\/v2\/pages"}],"about":[{"href":"https:\/\/organisationscolaire.csspo.gouv.qc.ca\/index.php?rest_route=\/wp\/v2\/types\/page"}],"author":[{"embeddable":true,"href":"https:\/\/organisationscolaire.csspo.gouv.qc.ca\/index.php?rest_route=\/wp\/v2\/users\/2"}],"replies":[{"embeddable":true,"href":"https:\/\/organisationscolaire.csspo.gouv.qc.ca\/index.php?rest_route=%2Fwp%2Fv2%2Fcomments&post=406"}],"version-history":[{"count":4,"href":"https:\/\/organisationscolaire.csspo.gouv.qc.ca\/index.php?rest_route=\/wp\/v2\/pages\/406\/revisions"}],"predecessor-version":[{"id":412,"href":"https:\/\/organisationscolaire.csspo.gouv.qc.ca\/index.php?rest_route=\/wp\/v2\/pages\/406\/revisions\/412"}],"wp:attachment":[{"href":"https:\/\/organisationscolaire.csspo.gouv.qc.ca\/index.php?rest_route=%2Fwp%2Fv2%2Fmedia&parent=406"}],"curies":[{"name":"wp","href":"https:\/\/api.w.org\/{rel}","templated":true}]}}