{"id":396,"date":"2024-03-22T20:03:30","date_gmt":"2024-03-22T20:03:30","guid":{"rendered":"https:\/\/organisationscolaire.csspo.gouv.qc.ca\/?page_id=396"},"modified":"2025-02-18T07:44:00","modified_gmt":"2025-02-18T12:44:00","slug":"conditions-dutilisation","status":"publish","type":"page","link":"https:\/\/organisationscolaire.csspo.gouv.qc.ca\/?page_id=396","title":{"rendered":"Conditions d\u2019utilisation"},"content":{"rendered":"\t\t<div data-elementor-type=\"wp-page\" data-elementor-id=\"396\" class=\"elementor elementor-396\">\n\t\t\t\t<div class=\"elementor-element elementor-element-0778b23 e-flex e-con-boxed e-con e-parent\" data-id=\"0778b23\" data-element_type=\"container\" data-settings=\"{&quot;content_width&quot;:&quot;boxed&quot;}\" data-core-v316-plus=\"true\">\n\t\t\t\t\t<div class=\"e-con-inner\">\n\t\t<div class=\"elementor-element elementor-element-0bf1cc2 e-con-full e-flex e-con e-child\" data-id=\"0bf1cc2\" data-element_type=\"container\" data-settings=\"{&quot;content_width&quot;:&quot;full&quot;}\">\n\t\t\t\t<div class=\"elementor-element elementor-element-4939369 elementor-widget elementor-widget-heading\" data-id=\"4939369\" data-element_type=\"widget\" data-widget_type=\"heading.default\">\n\t\t\t\t<div class=\"elementor-widget-container\">\n\t\t\t<style>\/*! elementor - v3.19.0 - 07-02-2024 *\/\n.elementor-heading-title{padding:0;margin:0;line-height:1}.elementor-widget-heading .elementor-heading-title[class*=elementor-size-]>a{color:inherit;font-size:inherit;line-height:inherit}.elementor-widget-heading .elementor-heading-title.elementor-size-small{font-size:15px}.elementor-widget-heading .elementor-heading-title.elementor-size-medium{font-size:19px}.elementor-widget-heading .elementor-heading-title.elementor-size-large{font-size:29px}.elementor-widget-heading .elementor-heading-title.elementor-size-xl{font-size:39px}.elementor-widget-heading .elementor-heading-title.elementor-size-xxl{font-size:59px}<\/style><h2 class=\"elementor-heading-title elementor-size-default\">Conditions d\u2019utilisation<\/h2>\t\t<\/div>\n\t\t\t\t<\/div>\n\t\t\t\t<\/div>\n\t\t<div class=\"elementor-element elementor-element-05077c1 e-con-full e-flex e-con e-child\" data-id=\"05077c1\" data-element_type=\"container\" data-settings=\"{&quot;content_width&quot;:&quot;full&quot;}\">\n\t\t\t\t<div class=\"elementor-element elementor-element-e5276e7 elementor-widget elementor-widget-text-editor\" data-id=\"e5276e7\" data-element_type=\"widget\" data-widget_type=\"text-editor.default\">\n\t\t\t\t<div class=\"elementor-widget-container\">\n\t\t\t<style>\/*! elementor - v3.19.0 - 07-02-2024 *\/\n.elementor-widget-text-editor.elementor-drop-cap-view-stacked .elementor-drop-cap{background-color:#69727d;color:#fff}.elementor-widget-text-editor.elementor-drop-cap-view-framed .elementor-drop-cap{color:#69727d;border:3px solid;background-color:transparent}.elementor-widget-text-editor:not(.elementor-drop-cap-view-default) .elementor-drop-cap{margin-top:8px}.elementor-widget-text-editor:not(.elementor-drop-cap-view-default) .elementor-drop-cap-letter{width:1em;height:1em}.elementor-widget-text-editor .elementor-drop-cap{float:left;text-align:center;line-height:1;font-size:50px}.elementor-widget-text-editor .elementor-drop-cap-letter{display:inline-block}<\/style>\t\t\t\t<p>Bienvenue sur le portail de services de l&rsquo;organisation scolaire du Centre de services scolaire des Portages-de-l\u2019Outaouais &nbsp;(CSSPO) (https:\/\/organisationscolaire.csspo.gouv.qc.ca). En naviguant dans notre plateforme, vous acceptez les modalit\u00e9s et conditions d\u2019utilisation qui suivent. Si telle n\u2019est pas votre intention, veuillez quitter le site.<\/p>\n<p>La reproduction des photographies, des textes et des vid\u00e9os (propri\u00e9t\u00e9 intellectuelle) ne peut \u00eatre faite sans l\u2019autorisation du Service du secr\u00e9tariat g\u00e9n\u00e9ral et des communications du CSSPO.<\/p>\n<h2>Droits d\u2019auteur<\/h2>\n<p>Le CSSPO n\u2019est pas propri\u00e9taire des droits d\u2019auteur des photographies et des vid\u00e9os, les auteurs ayant donn\u00e9 leur autorisation pour utiliser leur image \u00e0 des fins institutionnelles et p\u00e9dagogiques.<\/p>\n<p>Le mat\u00e9riel et l\u2019information contenus dans le site peuvent \u00eatre utilis\u00e9s seulement \u00e0 des fins priv\u00e9es.<\/p>\n<p>Toute autre utilisation est strictement interdite. Aux fins de pr\u00e9cision, la modification, le t\u00e9l\u00e9chargement, la publication, la reproduction sur un autre site, la diffusion sur Internet ou l\u2019utilisation \u00e0 des fins publiques ou commerciales sont strictement prohib\u00e9s sans l\u2019accord pr\u00e9alable du CSSPO.<\/p>\n<p>Veuillez communiquer avec le Service du secr\u00e9tariat g\u00e9n\u00e9ral et des communications pour obtenir une autorisation.<\/p>\t\t\t\t\t\t<\/div>\n\t\t\t\t<\/div>\n\t\t\t\t<\/div>\n\t\t\t\t\t<\/div>\n\t\t\t\t<\/div>\n\t\t\t\t<\/div>\n\t\t","protected":false},"excerpt":{"rendered":"<p>Conditions d\u2019utilisation Bienvenue sur le portail de services de l&rsquo;organisation scolaire du Centre de services scolaire des Portages-de-l\u2019Outaouais &nbsp;(CSSPO) (https:\/\/organisationscolaire.csspo.gouv.qc.ca). En naviguant dans notre plateforme, vous acceptez les modalit\u00e9s et conditions d\u2019utilisation qui suivent. Si telle n\u2019est pas votre intention, veuillez quitter le site. La reproduction des photographies, des textes et des vid\u00e9os (propri\u00e9t\u00e9 intellectuelle)&hellip;&nbsp;<a href=\"https:\/\/organisationscolaire.csspo.gouv.qc.ca\/?page_id=396\" class=\"\" rel=\"bookmark\">Lire la suite &raquo;<span class=\"screen-reader-text\">Conditions d\u2019utilisation<\/span><\/a><\/p>\n","protected":false},"author":2,"featured_media":0,"parent":0,"menu_order":0,"comment_status":"closed","ping_status":"closed","template":"page-templates\/template-pagebuilder-full-width.php","meta":{"neve_meta_sidebar":"","neve_meta_container":"","neve_meta_enable_content_width":"","neve_meta_content_width":0,"neve_meta_title_alignment":"","neve_meta_author_avatar":"","neve_post_elements_order":"","neve_meta_disable_header":"","neve_meta_disable_footer":"","neve_meta_disable_title":"","footnotes":""},"class_list":["post-396","page","type-page","status-publish","hentry"],"_links":{"self":[{"href":"https:\/\/organisationscolaire.csspo.gouv.qc.ca\/index.php?rest_route=\/wp\/v2\/pages\/396","targetHints":{"allow":["GET"]}}],"collection":[{"href":"https:\/\/organisationscolaire.csspo.gouv.qc.ca\/index.php?rest_route=\/wp\/v2\/pages"}],"about":[{"href":"https:\/\/organisationscolaire.csspo.gouv.qc.ca\/index.php?rest_route=\/wp\/v2\/types\/page"}],"author":[{"embeddable":true,"href":"https:\/\/organisationscolaire.csspo.gouv.qc.ca\/index.php?rest_route=\/wp\/v2\/users\/2"}],"replies":[{"embeddable":true,"href":"https:\/\/organisationscolaire.csspo.gouv.qc.ca\/index.php?rest_route=%2Fwp%2Fv2%2Fcomments&post=396"}],"version-history":[{"count":10,"href":"https:\/\/organisationscolaire.csspo.gouv.qc.ca\/index.php?rest_route=\/wp\/v2\/pages\/396\/revisions"}],"predecessor-version":[{"id":989,"href":"https:\/\/organisationscolaire.csspo.gouv.qc.ca\/index.php?rest_route=\/wp\/v2\/pages\/396\/revisions\/989"}],"wp:attachment":[{"href":"https:\/\/organisationscolaire.csspo.gouv.qc.ca\/index.php?rest_route=%2Fwp%2Fv2%2Fmedia&parent=396"}],"curies":[{"name":"wp","href":"https:\/\/api.w.org\/{rel}","templated":true}]}}